{"id":1887,"date":"2015-10-14T09:36:36","date_gmt":"2015-10-14T08:36:36","guid":{"rendered":"https:\/\/www.opsa.es\/?page_id=1887"},"modified":"2018-08-17T17:07:11","modified_gmt":"2018-08-17T15:07:11","slug":"renovacion-de-instalaciones-deportivas","status":"publish","type":"page","link":"https:\/\/www.opsa.es\/en\/nuestro-trabajo\/renovacion-de-instalaciones-deportivas\/","title":{"rendered":"Renovaci\u00f3n de instalaciones deportivas"},"content":{"rendered":"<div class=\"wpb-content-wrapper\"><p>[vc_row css=&#8221;.vc_custom_1436444149859{margin-bottom: 110px !important;}&#8221;][vc_column width=&#8221;1\/2&#8243;][sm_column_text]<\/p>\n<h3><strong>Renovaci\u00f3n de instalaciones deportivas<\/strong><\/h3>\n<p>Cuando la primera (y a veces la segunda) generaci\u00f3n de instalaciones deportivas de c\u00e9sped artificial llega al fin de su ciclo de vida es el momento de pensar en una renovaci\u00f3n parcial o total. Para ello tenemos muchos factores en cuenta: el coste, la sostenibilidad (posibilidades de reciclaje) y la necesidad (renovaci\u00f3n total o solo parcial de una instalaci\u00f3n) determinan la opci\u00f3n ideal de renovaci\u00f3n.<\/p>\n<p>En la renovaci\u00f3n de instalaciones deportivas de c\u00e9sped natural empleamos la tecnolog\u00eda m\u00e1s puntera a fin de poder utilizar de manera \u00f3ptima la infraestructura del campo que se desea renovar. Este enfoque garantiza una mayor calidad de la instalaci\u00f3n de manera r\u00e1pida a un coste inferior.[\/sm_column_text][\/vc_column][vc_column width=&#8221;1\/2&#8243;][\/vc_column][\/vc_row][vc_row][vc_column width=&#8221;1\/4&#8243;][sm_image image=&#8221;4237&#8243;][\/vc_column][vc_column width=&#8221;1\/4&#8243;][sm_image image=&#8221;4238&#8243; css=&#8221;.vc_custom_1534518404140{background-position: center !important;background-repeat: no-repeat !important;background-size: cover !important;}&#8221;][\/vc_column][vc_column width=&#8221;1\/4&#8243;][sm_image image=&#8221;4239&#8243;][\/vc_column][vc_column width=&#8221;1\/4&#8243;][sm_image image=&#8221;4236&#8243;][\/vc_column][\/vc_row][vc_row][vc_column][sm_parallax_layers is_parallax_content=&#8221;yes&#8221; height=&#8221;250&#8243; images=&#8221;1990,1987,1985&#8243;][\/sm_parallax_layers][\/vc_column][\/vc_row]  <\/p>\n<\/div>","protected":false},"excerpt":{"rendered":"<p>[vc_row css=&#8221;.vc_custom_1436444149859{margin-bottom: 110px !important;}&#8221;][vc_column width=&#8221;1\/2&#8243;][sm_column_text] Renovaci\u00f3n de instalaciones deportivas Cuando la primera (y a veces la segunda) generaci\u00f3n de instalaciones deportivas de c\u00e9sped artificial llega al fin de su ciclo de vida es el momento de pensar en una renovaci\u00f3n parcial o total. Para ello tenemos muchos factores en cuenta: el coste, la sostenibilidad (posibilidades&#8230;<\/p>\n","protected":false},"author":6,"featured_media":0,"parent":1891,"menu_order":0,"comment_status":"closed","ping_status":"closed","template":"","meta":{"footnotes":""},"class_list":["post-1887","page","type-page","status-publish","hentry"],"yoast_head":"<!-- This site is optimized with the Yoast SEO plugin v27.3 - https:\/\/yoast.com\/product\/yoast-seo-wordpress\/ -->\n<title>Renovaci\u00f3n de instalaciones deportivas - OPSA<\/title>\n<meta name=\"robots\" content=\"index, follow, max-snippet:-1, max-image-preview:large, max-video-preview:-1\" \/>\n<link rel=\"canonical\" href=\"https:\/\/www.opsa.es\/nuestro-trabajo\/renovacion-de-instalaciones-deportivas\/?lang=en\" \/>\n<meta property=\"og:locale\" content=\"en_US\" \/>\n<meta property=\"og:type\" content=\"article\" \/>\n<meta property=\"og:title\" content=\"Renovaci\u00f3n de instalaciones deportivas - OPSA\" \/>\n<meta property=\"og:description\" content=\"[vc_row css=&#8221;.vc_custom_1436444149859{margin-bottom: 110px !important;}&#8221;][vc_column width=&#8221;1\/2&#8243;][sm_column_text] Renovaci\u00f3n de instalaciones deportivas Cuando la primera (y a veces la segunda) generaci\u00f3n de instalaciones deportivas de c\u00e9sped artificial llega al fin de su ciclo de vida es el momento de pensar en una renovaci\u00f3n parcial o total. Para ello tenemos muchos factores en cuenta: el coste, la sostenibilidad (posibilidades...\" \/>\n<meta property=\"og:url\" content=\"https:\/\/www.opsa.es\/nuestro-trabajo\/renovacion-de-instalaciones-deportivas\/?lang=en\" \/>\n<meta property=\"og:site_name\" content=\"OPSA\" \/>\n<meta property=\"article:modified_time\" content=\"2018-08-17T15:07:11+00:00\" \/>\n<meta name=\"twitter:card\" content=\"summary_large_image\" \/>\n<meta name=\"twitter:label1\" content=\"Est. reading time\" \/>\n\t<meta name=\"twitter:data1\" content=\"1 minute\" \/>\n<script type=\"application\/ld+json\" class=\"yoast-schema-graph\">{\"@context\":\"https:\\\/\\\/schema.org\",\"@graph\":[{\"@type\":\"WebPage\",\"@id\":\"https:\\\/\\\/www.opsa.es\\\/nuestro-trabajo\\\/renovacion-de-instalaciones-deportivas\\\/?lang=en\",\"url\":\"https:\\\/\\\/www.opsa.es\\\/nuestro-trabajo\\\/renovacion-de-instalaciones-deportivas\\\/?lang=en\",\"name\":\"Renovaci\u00f3n de instalaciones deportivas - OPSA\",\"isPartOf\":{\"@id\":\"https:\\\/\\\/www.opsa.es\\\/#website\"},\"datePublished\":\"2015-10-14T08:36:36+00:00\",\"dateModified\":\"2018-08-17T15:07:11+00:00\",\"breadcrumb\":{\"@id\":\"https:\\\/\\\/www.opsa.es\\\/nuestro-trabajo\\\/renovacion-de-instalaciones-deportivas\\\/?lang=en#breadcrumb\"},\"inLanguage\":\"en-US\",\"potentialAction\":[{\"@type\":\"ReadAction\",\"target\":[\"https:\\\/\\\/www.opsa.es\\\/nuestro-trabajo\\\/renovacion-de-instalaciones-deportivas\\\/?lang=en\"]}]},{\"@type\":\"BreadcrumbList\",\"@id\":\"https:\\\/\\\/www.opsa.es\\\/nuestro-trabajo\\\/renovacion-de-instalaciones-deportivas\\\/?lang=en#breadcrumb\",\"itemListElement\":[{\"@type\":\"ListItem\",\"position\":1,\"name\":\"Portada\",\"item\":\"https:\\\/\\\/www.opsa.es\\\/?lang=en\"},{\"@type\":\"ListItem\",\"position\":2,\"name\":\"Nuestro trabajo\",\"item\":\"https:\\\/\\\/www.opsa.es\\\/nuestro-trabajo\\\/?lang=en\"},{\"@type\":\"ListItem\",\"position\":3,\"name\":\"Renovaci\u00f3n de instalaciones deportivas\"}]},{\"@type\":\"WebSite\",\"@id\":\"https:\\\/\\\/www.opsa.es\\\/#website\",\"url\":\"https:\\\/\\\/www.opsa.es\\\/\",\"name\":\"OPSA\",\"description\":\"OPSA es l\u00edder de mercado en el dise\u00f1o, instalaci\u00f3n y mantenimiento de instalaciones deportivas de c\u00e9sped natural y artificial.\",\"publisher\":{\"@id\":\"https:\\\/\\\/www.opsa.es\\\/#organization\"},\"potentialAction\":[{\"@type\":\"SearchAction\",\"target\":{\"@type\":\"EntryPoint\",\"urlTemplate\":\"https:\\\/\\\/www.opsa.es\\\/?s={search_term_string}\"},\"query-input\":{\"@type\":\"PropertyValueSpecification\",\"valueRequired\":true,\"valueName\":\"search_term_string\"}}],\"inLanguage\":\"en-US\"},{\"@type\":\"Organization\",\"@id\":\"https:\\\/\\\/www.opsa.es\\\/#organization\",\"name\":\"OPSA\",\"url\":\"https:\\\/\\\/www.opsa.es\\\/\",\"logo\":{\"@type\":\"ImageObject\",\"inLanguage\":\"en-US\",\"@id\":\"https:\\\/\\\/www.opsa.es\\\/#\\\/schema\\\/logo\\\/image\\\/\",\"url\":\"https:\\\/\\\/www.opsa.es\\\/wp-content\\\/uploads\\\/2018\\\/07\\\/OPSA-logo-250x106px.png\",\"contentUrl\":\"https:\\\/\\\/www.opsa.es\\\/wp-content\\\/uploads\\\/2018\\\/07\\\/OPSA-logo-250x106px.png\",\"width\":250,\"height\":106,\"caption\":\"OPSA\"},\"image\":{\"@id\":\"https:\\\/\\\/www.opsa.es\\\/#\\\/schema\\\/logo\\\/image\\\/\"}}]}<\/script>\n<!-- \/ Yoast SEO plugin. -->","yoast_head_json":{"title":"Renovaci\u00f3n de instalaciones deportivas - OPSA","robots":{"index":"index","follow":"follow","max-snippet":"max-snippet:-1","max-image-preview":"max-image-preview:large","max-video-preview":"max-video-preview:-1"},"canonical":"https:\/\/www.opsa.es\/nuestro-trabajo\/renovacion-de-instalaciones-deportivas\/?lang=en","og_locale":"en_US","og_type":"article","og_title":"Renovaci\u00f3n de instalaciones deportivas - OPSA","og_description":"[vc_row css=&#8221;.vc_custom_1436444149859{margin-bottom: 110px !important;}&#8221;][vc_column width=&#8221;1\/2&#8243;][sm_column_text] Renovaci\u00f3n de instalaciones deportivas Cuando la primera (y a veces la segunda) generaci\u00f3n de instalaciones deportivas de c\u00e9sped artificial llega al fin de su ciclo de vida es el momento de pensar en una renovaci\u00f3n parcial o total. Para ello tenemos muchos factores en cuenta: el coste, la sostenibilidad (posibilidades...","og_url":"https:\/\/www.opsa.es\/nuestro-trabajo\/renovacion-de-instalaciones-deportivas\/?lang=en","og_site_name":"OPSA","article_modified_time":"2018-08-17T15:07:11+00:00","twitter_card":"summary_large_image","twitter_misc":{"Est. reading time":"1 minute"},"schema":{"@context":"https:\/\/schema.org","@graph":[{"@type":"WebPage","@id":"https:\/\/www.opsa.es\/nuestro-trabajo\/renovacion-de-instalaciones-deportivas\/?lang=en","url":"https:\/\/www.opsa.es\/nuestro-trabajo\/renovacion-de-instalaciones-deportivas\/?lang=en","name":"Renovaci\u00f3n de instalaciones deportivas - OPSA","isPartOf":{"@id":"https:\/\/www.opsa.es\/#website"},"datePublished":"2015-10-14T08:36:36+00:00","dateModified":"2018-08-17T15:07:11+00:00","breadcrumb":{"@id":"https:\/\/www.opsa.es\/nuestro-trabajo\/renovacion-de-instalaciones-deportivas\/?lang=en#breadcrumb"},"inLanguage":"en-US","potentialAction":[{"@type":"ReadAction","target":["https:\/\/www.opsa.es\/nuestro-trabajo\/renovacion-de-instalaciones-deportivas\/?lang=en"]}]},{"@type":"BreadcrumbList","@id":"https:\/\/www.opsa.es\/nuestro-trabajo\/renovacion-de-instalaciones-deportivas\/?lang=en#breadcrumb","itemListElement":[{"@type":"ListItem","position":1,"name":"Portada","item":"https:\/\/www.opsa.es\/?lang=en"},{"@type":"ListItem","position":2,"name":"Nuestro trabajo","item":"https:\/\/www.opsa.es\/nuestro-trabajo\/?lang=en"},{"@type":"ListItem","position":3,"name":"Renovaci\u00f3n de instalaciones deportivas"}]},{"@type":"WebSite","@id":"https:\/\/www.opsa.es\/#website","url":"https:\/\/www.opsa.es\/","name":"OPSA","description":"OPSA es l\u00edder de mercado en el dise\u00f1o, instalaci\u00f3n y mantenimiento de instalaciones deportivas de c\u00e9sped natural y artificial.","publisher":{"@id":"https:\/\/www.opsa.es\/#organization"},"potentialAction":[{"@type":"SearchAction","target":{"@type":"EntryPoint","urlTemplate":"https:\/\/www.opsa.es\/?s={search_term_string}"},"query-input":{"@type":"PropertyValueSpecification","valueRequired":true,"valueName":"search_term_string"}}],"inLanguage":"en-US"},{"@type":"Organization","@id":"https:\/\/www.opsa.es\/#organization","name":"OPSA","url":"https:\/\/www.opsa.es\/","logo":{"@type":"ImageObject","inLanguage":"en-US","@id":"https:\/\/www.opsa.es\/#\/schema\/logo\/image\/","url":"https:\/\/www.opsa.es\/wp-content\/uploads\/2018\/07\/OPSA-logo-250x106px.png","contentUrl":"https:\/\/www.opsa.es\/wp-content\/uploads\/2018\/07\/OPSA-logo-250x106px.png","width":250,"height":106,"caption":"OPSA"},"image":{"@id":"https:\/\/www.opsa.es\/#\/schema\/logo\/image\/"}}]}},"_links":{"self":[{"href":"https:\/\/www.opsa.es\/en\/wp-json\/wp\/v2\/pages\/1887","targetHints":{"allow":["GET"]}}],"collection":[{"href":"https:\/\/www.opsa.es\/en\/wp-json\/wp\/v2\/pages"}],"about":[{"href":"https:\/\/www.opsa.es\/en\/wp-json\/wp\/v2\/types\/page"}],"author":[{"embeddable":true,"href":"https:\/\/www.opsa.es\/en\/wp-json\/wp\/v2\/users\/6"}],"replies":[{"embeddable":true,"href":"https:\/\/www.opsa.es\/en\/wp-json\/wp\/v2\/comments?post=1887"}],"version-history":[{"count":18,"href":"https:\/\/www.opsa.es\/en\/wp-json\/wp\/v2\/pages\/1887\/revisions"}],"predecessor-version":[{"id":4243,"href":"https:\/\/www.opsa.es\/en\/wp-json\/wp\/v2\/pages\/1887\/revisions\/4243"}],"up":[{"embeddable":true,"href":"https:\/\/www.opsa.es\/en\/wp-json\/wp\/v2\/pages\/1891"}],"wp:attachment":[{"href":"https:\/\/www.opsa.es\/en\/wp-json\/wp\/v2\/media?parent=1887"}],"curies":[{"name":"wp","href":"https:\/\/api.w.org\/{rel}","templated":true}]}}